{"id":6296,"date":"2021-04-12T10:40:23","date_gmt":"2021-04-12T08:40:23","guid":{"rendered":"https:\/\/integreat-app.de\/?page_id=6296"},"modified":"2025-09-17T14:13:49","modified_gmt":"2025-09-17T12:13:49","slug":"transparency","status":"publish","type":"page","link":"https:\/\/integreat-app.de\/en\/transparency\/","title":{"rendered":"Transparency"},"content":{"rendered":"\n<div class=\"wp-block-group pt-24 container mx-auto max-w-screen-md\"><div class=\"wp-block-group__inner-container is-layout-flow wp-block-group-is-layout-flow\">\n<h2 class=\"wp-block-heading has-text-align-center text-5xl font-black pt-10 pb-12 container mx-auto\">Transparency<\/h2>\n\n\n\n<div class=\"wp-block-group\"><div class=\"wp-block-group__inner-container is-layout-flow wp-block-group-is-layout-flow\">\n<p>There are no uniform publication requirements for non-profit organisations in Germany. However, anyone working for the\n    However, anyone working for the common good should regard the issue of transparency as one of their top duties. Our\n    transparency goal is to disclose to the community exactly what goals the organisation is striving for, where the\n    funds come from, how they are used and who the decision-makers are.<br \/> <br \/> \nWe, T\u00fcr an T\u00fcr &#8211; Digitalfabrik gGmbH, gladly accept our responsibility towards the common good. For this reason, we voluntarily undertake to make the information listed below available to the public. The declaration is deliberately placed on our website so that it is easy to find. Upon request, we will of course also be happy to send it electronically. <br \/> <br \/> \n<\/p><div class=\"pt-10\"><a class=\"float-right\" href=\"http:\/\/www.transparente-zivilgesellschaft.de\" target=\"_blank\" rel=\"noopener noreferrer\"><img loading=\"lazy\" decoding=\"async\" class=\"alignright wp-image-2883 size-medium\" src=\"https:\/\/integreat-app.de\/wp-content\/uploads\/2021\/04\/Transparente_ZivilgesellschaftPNG.png\" alt=\"\" width=\"300\" height=\"82\"><\/a>\n    <h3 class=\"clearfix\">T\u00fcr an T\u00fcr &#8211; Digitalfabrik gGmbH<\/h3>\n<\/div>\n\n<h3>1. Name, registered office, address and year of foundation of our organisations<\/h3>\n<p>T\u00fcr an T\u00fcr &#8211; Digitalfabrik gGmbH<br>Wertachstr. 29<br>86153 Augsburg<\/p>\n<p class=\"pt-4\">Sitz: Augsburg<br>Foundation year: 2016<\/p>\n<h3>2. Complete articles of association and other documents that provide information on the specific goals we pursue and how they are achieved.<\/h3>\n<h5>(1) Business purpose<\/h5>\n<p>The business purpose is <\/p>\n<ul>\n            <li>the promotion of aid for those persecuted on political, racial or religious grounds, for refugees, expellees, repatriates, late repatriates, war victims, war survivors, war-disabled persons and prisoners of war, civilian disabled persons and disabled persons as well as aid for victims of criminal offences; the promotion of the memory of persecuted persons, war and disaster victims; the promotion of the tracing service for missing persons;<\/li>\n            <li>the promotion of welfare, in particular the purposes of the officially recognised associations of voluntary welfare work (\u00a7 23 of the Umsatzsteuer-Durchf\u00fchrungsverordnung), their sub-associations and their affiliated facilities and institutions;<\/li>\n            <li>the promotion of development cooperation;<\/li>\n            <li>the promotion of civic engagement for the benefit of charitable, benevolent and ecclesiastical purposes. <\/li>\n            <li>the promotion of science and research;<\/li>\n            <li>the promotion of education, popular education and vocational training including student aid.<\/li>\n\n<\/ul>\n<h5>(2) Measures for achieving<\/h5>\n<p>The object of the company shall be realised in particular through the following measures:<\/p>\n<ul>\n    <li>Implementation of projects that improve integration itself, the readiness for integration, the intercultural exchange of information or the coexistence of people with a refugee or migration background with the inclusion of digital solutions.<\/li>\n    <li>Development of concepts and digital solutions that aim to improve development cooperation, international understanding or the promotion and support of people with disabilities as well as members of low-income population groups or civic engagement, or that improve work and organisation in the public and social sectors as well as in the field of education or educational organisation.<\/li>\n    <li>Operation of an independent research and science editorial office that collects and processes research results through scientific work and provides information, publications, expert opinions and access to experts from the scientific community. The aim is to provide ideas and approaches to solutions for future issues in the context of the company&#8217;s purpose.<\/li>\n<\/ul>\n<p class=\"pt-4\">Here you can find our complete articles of association: <a href=\"https:\/\/tuerantuer.de\/wp-content\/uploads\/2019\/07\/Gesellschaftsvertrag_TATDF_2019-Kopie.pdf\" target=\"_blank\" rel=\"noopener noreferrer\">Download articles of association T\u00fcr an T\u00fcr &#8211; Digitalfabrik gGmbH (391\n        KB, PDF)<\/a><\/p>\n<h3>3. Details of the tax concession<\/h3>\n<p>Name of the granting tax office: Finanzamt Augsburg-Stadt<br>\n    Tax number: 103\/147\/01750<br>\n    Date of last issue: 09.02.2021<br>\n    Here you can find our notice of exemption: <a href=\"https:\/\/tuerantuer.de\/wp-content\/uploads\/2021\/04\/2021-04-Koerperschaftsteuerfreistellungsbescheid-Gemeinnuetzigkeit.pdf\" target=\"_blank\" rel=\"noopener noreferrer\">Download corporation tax exemption notice (non-profit notice) (873 kB, PDF)<\/a><\/p>\n<h3>4. Name and function of the key decision-makers<\/h3>\n<p>Equal managing directors of T\u00fcr an T\u00fcr &#8211; Digitalfabrik gGmbH are Clara Bracklo und Daniel Kehne.<\/p>\n<p class=\"pt-4\">The main shareholder of T\u00fcr an T\u00fcr &#8211; Digitalfabrik gGmbH is T\u00fcr an T\u00fcr &#8211; miteinander wohnen und leben e.V., which holds 70 % of the shares. The association is represented externally by the five-member board of directors. The remaining 30 % is held by individuals who were already involved in the Integreat project at the beginning. They all belong(ed) to the Chair of Business Informatics at the Technical University of Munich: Chair holder Prof. Dr Helmut Krcmar (14 % of the shares), Prof. Dr Manuel Wiesche (8%) now at Technical University of Dortmund and Maximilian Schreieck (8%).<\/p>\n<h3>5. Pure transparency: impact reports on the activities of our organisation<\/h3>\n<div class=\"\"><div class=\"mb-2\"><a href=\"https:\/\/integreat-app.de\/wp-content\/uploads\/2025\/10\/TaT-Digitalfabrik_Wirkungsbericht-2024_mit-Jahresabschluss.pdf\" target=\"_blank\">Download Full Impact Report 2024 (in German)<\/a><\/div><div class=\"mb-2\"><a href=\"https:\/\/integreat-app.de\/wp-content\/uploads\/2024\/11\/TaT-Digitalfabrik_Wirkungsbericht-2023_Jahresabschluss.pdf\" target=\"_blank\">Download Full Impact Report 2023 (in German)<\/a><\/div><div class=\"mb-2\"><a href=\"https:\/\/integreat-app.de\/wp-content\/uploads\/2023\/05\/Digitalfabrik-Wirkungsbericht-2022.pdf\" target=\"_blank\">Download Full Impact Report 2022 (in German)<\/a><\/div><div class=\"mb-2\"><a href=\"https:\/\/integreat-app.de\/wp-content\/uploads\/2022\/08\/TaT-Digitalfabrik_Wirkungsbericht-2021.pdf\" target=\"_blank\">Download Full Impact Report 2021 (in German)<\/a><\/div><div class=\"mb-2\"><a href=\"https:\/\/integreat-app.de\/wp-content\/uploads\/2021\/12\/TaT-Digitalfabrik_Wirkungsbericht_2020-inkl.-Jahresabschluss.pdf\" target=\"_blank\">Download Full Impact Report 2020 (in German)<\/a><\/div><div class=\"mb-2\"><a href=\"https:\/\/integreat-app.de\/wp-content\/uploads\/2021\/04\/Impact-Summary_2019.pdf\" target=\"_blank\">Download Impact Summary 2019 <\/a><\/div><div class=\"mb-2\"><a href=\"https:\/\/integreat-app.de\/wp-content\/uploads\/2021\/04\/Digitalfabrik_Wirkungsbericht_2019_Anhang.pdf\" target=\"_blank\">Download Full Impact Report 2019 (in German) <\/a><\/div><div class=\"mb-2\"><a href=\"https:\/\/integreat-app.de\/wp-content\/uploads\/2021\/04\/Impact_Summary_2018_EN.pdf\" target=\"_blank\">Download Impact Summary 2018<\/a><\/div><div class=\"mb-2\"><a href=\"https:\/\/integreat-app.de\/wp-content\/uploads\/2021\/04\/Digitalfabrik_Wirkungsbericht_2018_Anhang.pdf\" target=\"_blank\">Download Full Impact Report 2018 (in German) <\/a><\/div><div class=\"mb-2\"><a href=\"https:\/\/integreat-app.de\/wp-content\/uploads\/2021\/04\/Digital-Factory_Impact-Report_2017_EN.pdf\" target=\"_blank\">Download Impact Report 2017<\/a><\/div><\/div>\n<h3>6. Personnel structure<\/h3>\n<p>T\u00fcr an T\u00fcr &#8211; Digitalfabrik gGmbH has 38 employees as of May 2025. Of these, 1 position via honorary contract. About 15 volunteers contribute on a regular basis.<\/p>\n<h3>7. Source of funds<\/h3>\n<p>Information on all income can be found in the annual report on effectiveness under chapter 9.<\/p>\n<h3>8. Use of funds<\/h3>\n<p>Information on the use of all income can be found in the annual report on effectiveness under chapter 9.<\/p>\n<h3>9. Affiliation under company law with third parties, e.g. parent company or subsidiary, sponsoring association, outsourced business enterprise, partner organisation<\/h3>\n<p>T\u00fcr an T\u00fcr &#8211; miteinander wohnen und leben e.V. is the main shareholder of T\u00fcr an T\u00fcr &#8211; Digitalfabrik gGmbH with 70% of the shares.<\/p>\n<h3>10. Names of persons and organisations whose annual donations account for more than ten per cent of our joint annual income<\/h3>\n<p>Legal entity: MW Malteser Werke gemeinn\u00fctzige GmbH for: Development, operation and the personal support around the app <a href=\"https:\/\/www.malteser-werke.de\/malte-app.html\" target=\"_blank\" rel=\"noopener noreferrer\">Malte<\/a>.<\/p>\n<\/div><\/div>\n<\/div><\/div>\n","protected":false},"excerpt":{"rendered":"<p>Transparency There are no uniform publication requirements for non-profit organisations in Germany. However, anyone working for the However, anyone working for the common good should regard the issue of transparency as one of their top duties. Our transparency goal is to disclose to the community exactly what goals the organisation is striving for, where the [&hellip;]<\/p>\n","protected":false},"author":24,"featured_media":0,"parent":0,"menu_order":0,"comment_status":"closed","ping_status":"closed","template":"","meta":{"_acf_changed":false,"footnotes":""},"class_list":["post-6296","page","type-page","status-publish","hentry"],"acf":[],"yoast_head":"<!-- This site is optimized with the Yoast SEO plugin v27.3 - https:\/\/yoast.com\/product\/yoast-seo-wordpress\/ -->\n<title>Transparency - Integreat<\/title>\n<meta name=\"robots\" content=\"index, follow, max-snippet:-1, max-image-preview:large, max-video-preview:-1\" \/>\n<link rel=\"canonical\" href=\"https:\/\/integreat-app.de\/en\/transparency\/\" \/>\n<meta property=\"og:locale\" content=\"en_US\" \/>\n<meta property=\"og:type\" content=\"article\" \/>\n<meta property=\"og:title\" content=\"Transparency - Integreat\" \/>\n<meta property=\"og:description\" content=\"Transparency There are no uniform publication requirements for non-profit organisations in Germany. However, anyone working for the However, anyone working for the common good should regard the issue of transparency as one of their top duties. Our transparency goal is to disclose to the community exactly what goals the organisation is striving for, where the [&hellip;]\" \/>\n<meta property=\"og:url\" content=\"https:\/\/integreat-app.de\/en\/transparency\/\" \/>\n<meta property=\"og:site_name\" content=\"Integreat\" \/>\n<meta property=\"article:modified_time\" content=\"2025-09-17T12:13:49+00:00\" \/>\n<meta name=\"twitter:card\" content=\"summary_large_image\" \/>\n<meta name=\"twitter:label1\" content=\"Est. reading time\" \/>\n\t<meta name=\"twitter:data1\" content=\"5 minutes\" \/>\n<script type=\"application\/ld+json\" class=\"yoast-schema-graph\">{\"@context\":\"https:\\\/\\\/schema.org\",\"@graph\":[{\"@type\":\"WebPage\",\"@id\":\"https:\\\/\\\/integreat-app.de\\\/en\\\/transparency\\\/\",\"url\":\"https:\\\/\\\/integreat-app.de\\\/en\\\/transparency\\\/\",\"name\":\"Transparency - Integreat\",\"isPartOf\":{\"@id\":\"https:\\\/\\\/integreat-app.de\\\/#website\"},\"primaryImageOfPage\":{\"@id\":\"https:\\\/\\\/integreat-app.de\\\/en\\\/transparency\\\/#primaryimage\"},\"image\":{\"@id\":\"https:\\\/\\\/integreat-app.de\\\/en\\\/transparency\\\/#primaryimage\"},\"thumbnailUrl\":\"https:\\\/\\\/integreat-app.de\\\/wp-content\\\/uploads\\\/2021\\\/04\\\/Transparente_ZivilgesellschaftPNG.png\",\"datePublished\":\"2021-04-12T08:40:23+00:00\",\"dateModified\":\"2025-09-17T12:13:49+00:00\",\"inLanguage\":\"en-US\",\"potentialAction\":[{\"@type\":\"ReadAction\",\"target\":[\"https:\\\/\\\/integreat-app.de\\\/en\\\/transparency\\\/\"]}]},{\"@type\":\"ImageObject\",\"inLanguage\":\"en-US\",\"@id\":\"https:\\\/\\\/integreat-app.de\\\/en\\\/transparency\\\/#primaryimage\",\"url\":\"https:\\\/\\\/integreat-app.de\\\/wp-content\\\/uploads\\\/2021\\\/04\\\/Transparente_ZivilgesellschaftPNG.png\",\"contentUrl\":\"https:\\\/\\\/integreat-app.de\\\/wp-content\\\/uploads\\\/2021\\\/04\\\/Transparente_ZivilgesellschaftPNG.png\"},{\"@type\":\"WebSite\",\"@id\":\"https:\\\/\\\/integreat-app.de\\\/#website\",\"url\":\"https:\\\/\\\/integreat-app.de\\\/\",\"name\":\"Integreat\",\"description\":\"Die digitale Integrationsplattform\",\"potentialAction\":[{\"@type\":\"SearchAction\",\"target\":{\"@type\":\"EntryPoint\",\"urlTemplate\":\"https:\\\/\\\/integreat-app.de\\\/?s={search_term_string}\"},\"query-input\":{\"@type\":\"PropertyValueSpecification\",\"valueRequired\":true,\"valueName\":\"search_term_string\"}}],\"inLanguage\":\"en-US\"}]}<\/script>\n<!-- \/ Yoast SEO plugin. -->","yoast_head_json":{"title":"Transparency - Integreat","robots":{"index":"index","follow":"follow","max-snippet":"max-snippet:-1","max-image-preview":"max-image-preview:large","max-video-preview":"max-video-preview:-1"},"canonical":"https:\/\/integreat-app.de\/en\/transparency\/","og_locale":"en_US","og_type":"article","og_title":"Transparency - Integreat","og_description":"Transparency There are no uniform publication requirements for non-profit organisations in Germany. However, anyone working for the However, anyone working for the common good should regard the issue of transparency as one of their top duties. Our transparency goal is to disclose to the community exactly what goals the organisation is striving for, where the [&hellip;]","og_url":"https:\/\/integreat-app.de\/en\/transparency\/","og_site_name":"Integreat","article_modified_time":"2025-09-17T12:13:49+00:00","twitter_card":"summary_large_image","twitter_misc":{"Est. reading time":"5 minutes"},"schema":{"@context":"https:\/\/schema.org","@graph":[{"@type":"WebPage","@id":"https:\/\/integreat-app.de\/en\/transparency\/","url":"https:\/\/integreat-app.de\/en\/transparency\/","name":"Transparency - Integreat","isPartOf":{"@id":"https:\/\/integreat-app.de\/#website"},"primaryImageOfPage":{"@id":"https:\/\/integreat-app.de\/en\/transparency\/#primaryimage"},"image":{"@id":"https:\/\/integreat-app.de\/en\/transparency\/#primaryimage"},"thumbnailUrl":"https:\/\/integreat-app.de\/wp-content\/uploads\/2021\/04\/Transparente_ZivilgesellschaftPNG.png","datePublished":"2021-04-12T08:40:23+00:00","dateModified":"2025-09-17T12:13:49+00:00","inLanguage":"en-US","potentialAction":[{"@type":"ReadAction","target":["https:\/\/integreat-app.de\/en\/transparency\/"]}]},{"@type":"ImageObject","inLanguage":"en-US","@id":"https:\/\/integreat-app.de\/en\/transparency\/#primaryimage","url":"https:\/\/integreat-app.de\/wp-content\/uploads\/2021\/04\/Transparente_ZivilgesellschaftPNG.png","contentUrl":"https:\/\/integreat-app.de\/wp-content\/uploads\/2021\/04\/Transparente_ZivilgesellschaftPNG.png"},{"@type":"WebSite","@id":"https:\/\/integreat-app.de\/#website","url":"https:\/\/integreat-app.de\/","name":"Integreat","description":"Die digitale Integrationsplattform","potentialAction":[{"@type":"SearchAction","target":{"@type":"EntryPoint","urlTemplate":"https:\/\/integreat-app.de\/?s={search_term_string}"},"query-input":{"@type":"PropertyValueSpecification","valueRequired":true,"valueName":"search_term_string"}}],"inLanguage":"en-US"}]}},"_links":{"self":[{"href":"https:\/\/integreat-app.de\/en\/wp-json\/wp\/v2\/pages\/6296","targetHints":{"allow":["GET"]}}],"collection":[{"href":"https:\/\/integreat-app.de\/en\/wp-json\/wp\/v2\/pages"}],"about":[{"href":"https:\/\/integreat-app.de\/en\/wp-json\/wp\/v2\/types\/page"}],"author":[{"embeddable":true,"href":"https:\/\/integreat-app.de\/en\/wp-json\/wp\/v2\/users\/24"}],"replies":[{"embeddable":true,"href":"https:\/\/integreat-app.de\/en\/wp-json\/wp\/v2\/comments?post=6296"}],"version-history":[{"count":14,"href":"https:\/\/integreat-app.de\/en\/wp-json\/wp\/v2\/pages\/6296\/revisions"}],"predecessor-version":[{"id":14997,"href":"https:\/\/integreat-app.de\/en\/wp-json\/wp\/v2\/pages\/6296\/revisions\/14997"}],"wp:attachment":[{"href":"https:\/\/integreat-app.de\/en\/wp-json\/wp\/v2\/media?parent=6296"}],"curies":[{"name":"wp","href":"https:\/\/api.w.org\/{rel}","templated":true}]}}