{"id":9543,"date":"2022-07-27T11:36:55","date_gmt":"2022-07-27T09:36:55","guid":{"rendered":"https:\/\/integreat-app.de\/?page_id=9543"},"modified":"2022-07-27T11:37:13","modified_gmt":"2022-07-27T09:37:13","slug":"presse","status":"publish","type":"page","link":"https:\/\/integreat-app.de\/en\/presse\/","title":{"rendered":"Press"},"content":{"rendered":"\n<h2 class=\"has-text-align-center text-5xl font-black pt-24 pb-10 container mx-auto wp-block-heading\"><strong>PRESS<\/strong><\/h2>\n\n\n\n<div\n        class=\"nooz-view nooz-view--nooz_mixed\"\n    data-paged=\"1\"\n    data-max-num-pages=\"58\">\n    <div class=\"nooz-view__body     nooz-wrapper nooz-posts__wrapper\">\n                <div class=\"nooz-taxonomies\">\n    <div class=\"nooz-taxonomy nooz-taxonomy--post-types\">\n        <h3 class=\"nooz-taxonomy__title\">Post Types<\/h3>\n        <ul class=\"nooz-taxonomy__terms\">\n                    <\/ul>\n    <\/div>\n<\/div>\n        <div class=\"nooz-posts nooz-posts--nooz_mixed\">\n                        <div id=\"nooz-post-15851\" class=\"nooz-post nooz-post--nooz_coverage has-datetime\" data-nooz-href=\"https:\/\/in-neuruppin.de\/blog\/integreat-app-ostprignitz-ruppin\/\" data-nooz-target=\"_blank\">\n    <a class=\"nooz-post__link\" href=\"https:\/\/in-neuruppin.de\/blog\/integreat-app-ostprignitz-ruppin\/\" target=\"_blank\">\n                <div class=\"nooz-post__body\">\n                <div class=\"nooz-post__source\">\n        <span class=\"nooz-post__source-text\">In neuruppin<\/span>\n    <\/div>\n                            <div class=\"nooz-post__title\">\n        <h3 class=\"nooz-post__heading\">Neue App erleichtert Ankommen im Landkreis Ostprignitz-Ruppin<\/h3>\n    <\/div>\n                <div class=\"nooz-post__datetime\">\n        <time class=\"nooz-post__datetime-text\" datetime=\"2026-03-30T07:00:05+00:00\">Mar 30, 2026<\/time>\n    <\/div>\n                    <\/div>\n            <\/a>\n    <script>(function($){\n        var el = $('#nooz-post-15851');\n        if ($('.nooz-post__datetime:hidden', el).length) el.removeClass('has-datetime');\n    })(jQuery);<\/script>\n<\/div>\n                    <div id=\"nooz-post-15825\" class=\"nooz-post nooz-post--nooz_coverage has-datetime\" data-nooz-href=\"https:\/\/www.kyritz.de\/news\/1\/1215394\/nachrichten\/estaruppin-e.v.-startet-integreat-app-im-landkreis-ostprignitz-ruppin-kostenlose-digitale-informationsplattform-f\u00fcr-alle-ab-sofort-verf\u00fcgbar.html\" data-nooz-target=\"_blank\">\n    <a class=\"nooz-post__link\" href=\"https:\/\/www.kyritz.de\/news\/1\/1215394\/nachrichten\/estaruppin-e.v.-startet-integreat-app-im-landkreis-ostprignitz-ruppin-kostenlose-digitale-informationsplattform-f\u00fcr-alle-ab-sofort-verf\u00fcgbar.html\" target=\"_blank\">\n                <div class=\"nooz-post__body\">\n                <div class=\"nooz-post__source\">\n        <span class=\"nooz-post__source-text\">Kyritz<\/span>\n    <\/div>\n                            <div class=\"nooz-post__title\">\n        <h3 class=\"nooz-post__heading\">ESTAruppin e.V. startet INTEGREAT-App im Landkreis Ostprignitz-Ruppin &#8211; kostenlose digitale Informationsplattform f\u00fcr alle ab sofort verf\u00fcgbar<\/h3>\n    <\/div>\n                <div class=\"nooz-post__datetime\">\n        <time class=\"nooz-post__datetime-text\" datetime=\"2026-03-26T07:00:03+00:00\">Mar 26, 2026<\/time>\n    <\/div>\n                    <\/div>\n            <\/a>\n    <script>(function($){\n        var el = $('#nooz-post-15825');\n        if ($('.nooz-post__datetime:hidden', el).length) el.removeClass('has-datetime');\n    })(jQuery);<\/script>\n<\/div>\n                    <div id=\"nooz-post-15799\" class=\"nooz-post nooz-post--nooz_coverage has-datetime\" data-nooz-href=\"https:\/\/www.wirindortmund.de\/dortmund\/integreat-app-der-stadt-dortmund-ist-fuenf-jahre-alt-303584\" data-nooz-target=\"_blank\">\n    <a class=\"nooz-post__link\" href=\"https:\/\/www.wirindortmund.de\/dortmund\/integreat-app-der-stadt-dortmund-ist-fuenf-jahre-alt-303584\" target=\"_blank\">\n                <div class=\"nooz-post__body\">\n                <div class=\"nooz-post__source\">\n        <span class=\"nooz-post__source-text\">Wir in Dortmund<\/span>\n    <\/div>\n                            <div class=\"nooz-post__title\">\n        <h3 class=\"nooz-post__heading\">Integreat-App der Stadt Dortmund ist f\u00fcnf Jahre alt<\/h3>\n    <\/div>\n                <div class=\"nooz-post__datetime\">\n        <time class=\"nooz-post__datetime-text\" datetime=\"2026-03-17T07:00:08+00:00\">Mar 17, 2026<\/time>\n    <\/div>\n                    <\/div>\n            <\/a>\n    <script>(function($){\n        var el = $('#nooz-post-15799');\n        if ($('.nooz-post__datetime:hidden', el).length) el.removeClass('has-datetime');\n    })(jQuery);<\/script>\n<\/div>\n                    <div id=\"nooz-post-15795\" class=\"nooz-post nooz-post--nooz_coverage has-datetime\" data-nooz-href=\"https:\/\/www.dortmund.de\/newsroom\/presse-mitteilungen\/integreat-app-der-stadt-dortmund-wird-heute-fuenf-jahre-alt.html\" data-nooz-target=\"_blank\">\n    <a class=\"nooz-post__link\" href=\"https:\/\/www.dortmund.de\/newsroom\/presse-mitteilungen\/integreat-app-der-stadt-dortmund-wird-heute-fuenf-jahre-alt.html\" target=\"_blank\">\n                <div class=\"nooz-post__body\">\n                <div class=\"nooz-post__source\">\n        <span class=\"nooz-post__source-text\">Stadt Dortmund<\/span>\n    <\/div>\n                            <div class=\"nooz-post__title\">\n        <h3 class=\"nooz-post__heading\">Integreat-App der Stadt Dortmund wird heute f\u00fcnf Jahre alt<\/h3>\n    <\/div>\n                <div class=\"nooz-post__datetime\">\n        <time class=\"nooz-post__datetime-text\" datetime=\"2026-03-16T08:00:40+00:00\">Mar 16, 2026<\/time>\n    <\/div>\n                    <\/div>\n            <\/a>\n    <script>(function($){\n        var el = $('#nooz-post-15795');\n        if ($('.nooz-post__datetime:hidden', el).length) el.removeClass('has-datetime');\n    })(jQuery);<\/script>\n<\/div>\n                    <div id=\"nooz-post-15782\" class=\"nooz-post nooz-post--nooz_coverage has-datetime\" data-nooz-href=\"https:\/\/www.nussbaum.de\/entdecken\/news\/neue-app-erleichtert-integration-integreat-app-ab-sofort-erhaeltlich-3308159\" data-nooz-target=\"_blank\">\n    <a class=\"nooz-post__link\" href=\"https:\/\/www.nussbaum.de\/entdecken\/news\/neue-app-erleichtert-integration-integreat-app-ab-sofort-erhaeltlich-3308159\" target=\"_blank\">\n                <div class=\"nooz-post__body\">\n                <div class=\"nooz-post__source\">\n        <span class=\"nooz-post__source-text\">NUSSBAUM.de<\/span>\n    <\/div>\n                            <div class=\"nooz-post__title\">\n        <h3 class=\"nooz-post__heading\">Neue App erleichtert Integration: \u201eIntegreat\u201c-App ab sofort erh\u00e4ltlich<\/h3>\n    <\/div>\n                <div class=\"nooz-post__datetime\">\n        <time class=\"nooz-post__datetime-text\" datetime=\"2026-03-14T07:00:38+00:00\">Mar 14, 2026<\/time>\n    <\/div>\n                    <\/div>\n            <\/a>\n    <script>(function($){\n        var el = $('#nooz-post-15782');\n        if ($('.nooz-post__datetime:hidden', el).length) el.removeClass('has-datetime');\n    })(jQuery);<\/script>\n<\/div>\n                    <div id=\"nooz-post-15780\" class=\"nooz-post nooz-post--nooz_coverage has-datetime\" data-nooz-href=\"https:\/\/www.wuerselen.de\/news\/2026\/maerz\/ein-jahr-integreat-app\/\" data-nooz-target=\"_blank\">\n    <a class=\"nooz-post__link\" href=\"https:\/\/www.wuerselen.de\/news\/2026\/maerz\/ein-jahr-integreat-app\/\" target=\"_blank\">\n                <div class=\"nooz-post__body\">\n                <div class=\"nooz-post__source\">\n        <span class=\"nooz-post__source-text\">Stadt W\u00fcrselen<\/span>\n    <\/div>\n                            <div class=\"nooz-post__title\">\n        <h3 class=\"nooz-post__heading\">Ein Jahr \u201eIntegreat\u201c: Erfolgs-App erleichtert Zugewanderten den Start<\/h3>\n    <\/div>\n                <div class=\"nooz-post__datetime\">\n        <time class=\"nooz-post__datetime-text\" datetime=\"2026-03-11T07:00:11+00:00\">Mar 11, 2026<\/time>\n    <\/div>\n                    <\/div>\n            <\/a>\n    <script>(function($){\n        var el = $('#nooz-post-15780');\n        if ($('.nooz-post__datetime:hidden', el).length) el.removeClass('has-datetime');\n    })(jQuery);<\/script>\n<\/div>\n                    <div id=\"nooz-post-15759\" class=\"nooz-post nooz-post--nooz_coverage has-datetime\" data-nooz-href=\"https:\/\/www.pfalz-express.de\/kreis-suedliche-weinstrasse-fuehrt-integreat-app-ein\/#google_vignette\" data-nooz-target=\"_blank\">\n    <a class=\"nooz-post__link\" href=\"https:\/\/www.pfalz-express.de\/kreis-suedliche-weinstrasse-fuehrt-integreat-app-ein\/#google_vignette\" target=\"_blank\">\n                <div class=\"nooz-post__body\">\n                <div class=\"nooz-post__source\">\n        <span class=\"nooz-post__source-text\">Pfalz-Express<\/span>\n    <\/div>\n                            <div class=\"nooz-post__title\">\n        <h3 class=\"nooz-post__heading\">Kreis S\u00fcdliche Weinstra\u00dfe f\u00fchrt Integreat-App ein<\/h3>\n    <\/div>\n                <div class=\"nooz-post__datetime\">\n        <time class=\"nooz-post__datetime-text\" datetime=\"2026-03-04T07:00:45+00:00\">Mar 4, 2026<\/time>\n    <\/div>\n                    <\/div>\n            <\/a>\n    <script>(function($){\n        var el = $('#nooz-post-15759');\n        if ($('.nooz-post__datetime:hidden', el).length) el.removeClass('has-datetime');\n    })(jQuery);<\/script>\n<\/div>\n                    <div id=\"nooz-post-15753\" class=\"nooz-post nooz-post--nooz_coverage has-datetime\" data-nooz-href=\"https:\/\/www.rheinpfalz.de\/lokal\/kreis-suedliche-weinstrasse_artikel,-landkreis-s\u00fcw-bietet-integrationsinfos-per-integreat-app-_arid,5866278.html\" data-nooz-target=\"_blank\">\n    <a class=\"nooz-post__link\" href=\"https:\/\/www.rheinpfalz.de\/lokal\/kreis-suedliche-weinstrasse_artikel,-landkreis-s\u00fcw-bietet-integrationsinfos-per-integreat-app-_arid,5866278.html\" target=\"_blank\">\n                <div class=\"nooz-post__body\">\n                <div class=\"nooz-post__source\">\n        <span class=\"nooz-post__source-text\">Die Rheinpfalz<\/span>\n    <\/div>\n                            <div class=\"nooz-post__title\">\n        <h3 class=\"nooz-post__heading\">Landkreis S\u00dcW bietet Integrationsinfos per Integreat-App<\/h3>\n    <\/div>\n                <div class=\"nooz-post__datetime\">\n        <time class=\"nooz-post__datetime-text\" datetime=\"2026-03-02T15:48:22+00:00\">Mar 2, 2026<\/time>\n    <\/div>\n                    <\/div>\n            <\/a>\n    <script>(function($){\n        var el = $('#nooz-post-15753');\n        if ($('.nooz-post__datetime:hidden', el).length) el.removeClass('has-datetime');\n    })(jQuery);<\/script>\n<\/div>\n                    <div id=\"nooz-post-15755\" class=\"nooz-post nooz-post--nooz_coverage has-datetime\" data-nooz-href=\"https:\/\/suewpress.de\/top-storys\/details\/02032026-integreat-app-ab-sofort-fuer-kreis-suew\" data-nooz-target=\"_blank\">\n    <a class=\"nooz-post__link\" href=\"https:\/\/suewpress.de\/top-storys\/details\/02032026-integreat-app-ab-sofort-fuer-kreis-suew\" target=\"_blank\">\n                <div class=\"nooz-post__body\">\n                <div class=\"nooz-post__source\">\n        <span class=\"nooz-post__source-text\">suewpress<\/span>\n    <\/div>\n                            <div class=\"nooz-post__title\">\n        <h3 class=\"nooz-post__heading\">Integreat-App. Ab sofort f\u00fcr Kreis S\u00dcW.<\/h3>\n    <\/div>\n                <div class=\"nooz-post__datetime\">\n        <time class=\"nooz-post__datetime-text\" datetime=\"2026-03-02T07:00:21+00:00\">Mar 2, 2026<\/time>\n    <\/div>\n                    <\/div>\n            <\/a>\n    <script>(function($){\n        var el = $('#nooz-post-15755');\n        if ($('.nooz-post__datetime:hidden', el).length) el.removeClass('has-datetime');\n    })(jQuery);<\/script>\n<\/div>\n                    <div id=\"nooz-post-15757\" class=\"nooz-post nooz-post--nooz_coverage has-datetime\" data-nooz-href=\"https:\/\/www.suedliche-weinstrasse.de\/aktuelles\/neuigkeiten\/2026\/maerz-2026\/informativ-in-vielen-sprachen-verfuegbar-und-auch-ohne-internetzugang-nutzbar-landkreis-suedliche-weinstrasse-fuehrt-integreat-app-ein\/\" data-nooz-target=\"_blank\">\n    <a class=\"nooz-post__link\" href=\"https:\/\/www.suedliche-weinstrasse.de\/aktuelles\/neuigkeiten\/2026\/maerz-2026\/informativ-in-vielen-sprachen-verfuegbar-und-auch-ohne-internetzugang-nutzbar-landkreis-suedliche-weinstrasse-fuehrt-integreat-app-ein\/\" target=\"_blank\">\n                <div class=\"nooz-post__body\">\n                <div class=\"nooz-post__source\">\n        <span class=\"nooz-post__source-text\">Landkreis S\u00fcdliche Weinstra\u00dfe<\/span>\n    <\/div>\n                            <div class=\"nooz-post__title\">\n        <h3 class=\"nooz-post__heading\">Informativ, in vielen Sprachen verf\u00fcgbar und auch ohne Internetzugang nutzbar: Landkreis S\u00fcdliche Weinstra\u00dfe f\u00fchrt Integreat-App ein<\/h3>\n    <\/div>\n                <div class=\"nooz-post__datetime\">\n        <time class=\"nooz-post__datetime-text\" datetime=\"2026-03-02T07:00:10+00:00\">Mar 2, 2026<\/time>\n    <\/div>\n                    <\/div>\n            <\/a>\n    <script>(function($){\n        var el = $('#nooz-post-15757');\n        if ($('.nooz-post__datetime:hidden', el).length) el.removeClass('has-datetime');\n    })(jQuery);<\/script>\n<\/div>\n                    <div id=\"nooz-post-15717\" class=\"nooz-post nooz-post--nooz_coverage has-datetime\" data-nooz-href=\"https:\/\/www.puettlingen.de\/rathaus-service\/aktuell\/detail\/integration-in-puettlingen-integreat-app-jetzt-auch-fuer-die-region-saarbruecken-verfuegbar\" data-nooz-target=\"_blank\">\n    <a class=\"nooz-post__link\" href=\"https:\/\/www.puettlingen.de\/rathaus-service\/aktuell\/detail\/integration-in-puettlingen-integreat-app-jetzt-auch-fuer-die-region-saarbruecken-verfuegbar\" target=\"_blank\">\n                <div class=\"nooz-post__body\">\n                <div class=\"nooz-post__source\">\n        <span class=\"nooz-post__source-text\">Stadt P\u00fcttlingen<\/span>\n    <\/div>\n                            <div class=\"nooz-post__title\">\n        <h3 class=\"nooz-post__heading\">Integration in P\u00fcttlingen: Integreat-App jetzt auch f\u00fcr die Region Saarbr\u00fccken verf\u00fcgbar<\/h3>\n    <\/div>\n                <div class=\"nooz-post__datetime\">\n        <time class=\"nooz-post__datetime-text\" datetime=\"2026-02-12T07:00:06+00:00\">Feb 12, 2026<\/time>\n    <\/div>\n                    <\/div>\n            <\/a>\n    <script>(function($){\n        var el = $('#nooz-post-15717');\n        if ($('.nooz-post__datetime:hidden', el).length) el.removeClass('has-datetime');\n    })(jQuery);<\/script>\n<\/div>\n                    <div id=\"nooz-post-15719\" class=\"nooz-post nooz-post--nooz_coverage has-datetime\" data-nooz-href=\"https:\/\/www.kea-bw.de\/news\/mobilitaetsinformationen-fuer-zugewanderte-jetzt-aus-integreat-abrufbar\" data-nooz-target=\"_blank\">\n    <a class=\"nooz-post__link\" href=\"https:\/\/www.kea-bw.de\/news\/mobilitaetsinformationen-fuer-zugewanderte-jetzt-aus-integreat-abrufbar\" target=\"_blank\">\n                <div class=\"nooz-post__body\">\n                <div class=\"nooz-post__source\">\n        <span class=\"nooz-post__source-text\">KEA Klimaschutz- und Energieagentur Baden-W\u00fcrttemberg GmbH<\/span>\n    <\/div>\n                            <div class=\"nooz-post__title\">\n        <h3 class=\"nooz-post__heading\">Mobilit\u00e4tsinformationen f\u00fcr Zugewanderte jetzt aus Integreat abrufbar<\/h3>\n    <\/div>\n                <div class=\"nooz-post__datetime\">\n        <time class=\"nooz-post__datetime-text\" datetime=\"2026-02-11T07:00:35+00:00\">Feb 11, 2026<\/time>\n    <\/div>\n                    <\/div>\n            <\/a>\n    <script>(function($){\n        var el = $('#nooz-post-15719');\n        if ($('.nooz-post__datetime:hidden', el).length) el.removeClass('has-datetime');\n    })(jQuery);<\/script>\n<\/div>\n            <\/div>\n            <div class=\"nooz-pagination\">\n                            <div class=\"nooz-pagination__nav-next nooz-pagination__nav\">\n                <a class=\"nooz-pagination__nav-next-link nooz-pagination__nav-link\" href=\"https:\/\/integreat-app.de\/en\/wp-json\/wp\/v2\/pages\/9543\/page\/2\/\">Next<\/a>\n            <\/div>\n            <\/div>\n    <\/div>\n<\/div>\n\n","protected":false},"excerpt":{"rendered":"<p>PRESS<\/p>\n","protected":false},"author":2,"featured_media":0,"parent":0,"menu_order":0,"comment_status":"closed","ping_status":"closed","template":"","meta":{"_acf_changed":false,"footnotes":""},"class_list":["post-9543","page","type-page","status-publish","hentry"],"acf":[],"yoast_head":"<!-- This site is optimized with the Yoast SEO plugin v27.3 - https:\/\/yoast.com\/product\/yoast-seo-wordpress\/ -->\n<title>Press - Integreat<\/title>\n<meta name=\"robots\" content=\"index, follow, max-snippet:-1, max-image-preview:large, max-video-preview:-1\" \/>\n<link rel=\"canonical\" href=\"https:\/\/integreat-app.de\/en\/presse\/\" \/>\n<meta property=\"og:locale\" content=\"en_US\" \/>\n<meta property=\"og:type\" content=\"article\" \/>\n<meta property=\"og:title\" content=\"Press - Integreat\" \/>\n<meta property=\"og:description\" content=\"PRESS\" \/>\n<meta property=\"og:url\" content=\"https:\/\/integreat-app.de\/en\/presse\/\" \/>\n<meta property=\"og:site_name\" content=\"Integreat\" \/>\n<meta property=\"article:modified_time\" content=\"2022-07-27T09:37:13+00:00\" \/>\n<meta name=\"twitter:card\" content=\"summary_large_image\" \/>\n<meta name=\"twitter:label1\" content=\"Est. reading time\" \/>\n\t<meta name=\"twitter:data1\" content=\"1 minute\" \/>\n<script type=\"application\/ld+json\" class=\"yoast-schema-graph\">{\"@context\":\"https:\\\/\\\/schema.org\",\"@graph\":[{\"@type\":\"WebPage\",\"@id\":\"https:\\\/\\\/integreat-app.de\\\/en\\\/presse\\\/\",\"url\":\"https:\\\/\\\/integreat-app.de\\\/en\\\/presse\\\/\",\"name\":\"Press - Integreat\",\"isPartOf\":{\"@id\":\"https:\\\/\\\/integreat-app.de\\\/#website\"},\"datePublished\":\"2022-07-27T09:36:55+00:00\",\"dateModified\":\"2022-07-27T09:37:13+00:00\",\"inLanguage\":\"en-US\",\"potentialAction\":[{\"@type\":\"ReadAction\",\"target\":[\"https:\\\/\\\/integreat-app.de\\\/en\\\/presse\\\/\"]}]},{\"@type\":\"WebSite\",\"@id\":\"https:\\\/\\\/integreat-app.de\\\/#website\",\"url\":\"https:\\\/\\\/integreat-app.de\\\/\",\"name\":\"Integreat\",\"description\":\"Die digitale Integrationsplattform\",\"potentialAction\":[{\"@type\":\"SearchAction\",\"target\":{\"@type\":\"EntryPoint\",\"urlTemplate\":\"https:\\\/\\\/integreat-app.de\\\/?s={search_term_string}\"},\"query-input\":{\"@type\":\"PropertyValueSpecification\",\"valueRequired\":true,\"valueName\":\"search_term_string\"}}],\"inLanguage\":\"en-US\"}]}<\/script>\n<!-- \/ Yoast SEO plugin. -->","yoast_head_json":{"title":"Press - Integreat","robots":{"index":"index","follow":"follow","max-snippet":"max-snippet:-1","max-image-preview":"max-image-preview:large","max-video-preview":"max-video-preview:-1"},"canonical":"https:\/\/integreat-app.de\/en\/presse\/","og_locale":"en_US","og_type":"article","og_title":"Press - Integreat","og_description":"PRESS","og_url":"https:\/\/integreat-app.de\/en\/presse\/","og_site_name":"Integreat","article_modified_time":"2022-07-27T09:37:13+00:00","twitter_card":"summary_large_image","twitter_misc":{"Est. reading time":"1 minute"},"schema":{"@context":"https:\/\/schema.org","@graph":[{"@type":"WebPage","@id":"https:\/\/integreat-app.de\/en\/presse\/","url":"https:\/\/integreat-app.de\/en\/presse\/","name":"Press - Integreat","isPartOf":{"@id":"https:\/\/integreat-app.de\/#website"},"datePublished":"2022-07-27T09:36:55+00:00","dateModified":"2022-07-27T09:37:13+00:00","inLanguage":"en-US","potentialAction":[{"@type":"ReadAction","target":["https:\/\/integreat-app.de\/en\/presse\/"]}]},{"@type":"WebSite","@id":"https:\/\/integreat-app.de\/#website","url":"https:\/\/integreat-app.de\/","name":"Integreat","description":"Die digitale Integrationsplattform","potentialAction":[{"@type":"SearchAction","target":{"@type":"EntryPoint","urlTemplate":"https:\/\/integreat-app.de\/?s={search_term_string}"},"query-input":{"@type":"PropertyValueSpecification","valueRequired":true,"valueName":"search_term_string"}}],"inLanguage":"en-US"}]}},"_links":{"self":[{"href":"https:\/\/integreat-app.de\/en\/wp-json\/wp\/v2\/pages\/9543","targetHints":{"allow":["GET"]}}],"collection":[{"href":"https:\/\/integreat-app.de\/en\/wp-json\/wp\/v2\/pages"}],"about":[{"href":"https:\/\/integreat-app.de\/en\/wp-json\/wp\/v2\/types\/page"}],"author":[{"embeddable":true,"href":"https:\/\/integreat-app.de\/en\/wp-json\/wp\/v2\/users\/2"}],"replies":[{"embeddable":true,"href":"https:\/\/integreat-app.de\/en\/wp-json\/wp\/v2\/comments?post=9543"}],"version-history":[{"count":2,"href":"https:\/\/integreat-app.de\/en\/wp-json\/wp\/v2\/pages\/9543\/revisions"}],"predecessor-version":[{"id":9545,"href":"https:\/\/integreat-app.de\/en\/wp-json\/wp\/v2\/pages\/9543\/revisions\/9545"}],"wp:attachment":[{"href":"https:\/\/integreat-app.de\/en\/wp-json\/wp\/v2\/media?parent=9543"}],"curies":[{"name":"wp","href":"https:\/\/api.w.org\/{rel}","templated":true}]}}